{"id":12,"date":"2025-08-02T20:20:05","date_gmt":"2025-08-02T20:20:05","guid":{"rendered":"https:\/\/theseedlab.de\/?page_id=12"},"modified":"2026-01-13T09:17:37","modified_gmt":"2026-01-13T09:17:37","slug":"seedlab","status":"publish","type":"page","link":"https:\/\/theseedlab.de\/","title":{"rendered":"Seedlab"},"content":{"rendered":"\n<p><\/p>\n\n\n\n<h2 class=\"wp-block-heading\">Der Coworking Space in Ammerbuch<\/h2>\n\n\n\n<div class=\"wp-block-group is-nowrap is-layout-flex wp-container-core-group-is-layout-6c531013 wp-block-group-is-layout-flex\">\n<p class=\"has-medium-font-size\">Ein Ort&nbsp;mitten im Gr\u00fcnen, aber doch gut erreichbar zwischen Herrenberg und T\u00fcbingen. Der Raum ist f\u00fcr Vortr\u00e4ge, zum Austausch und zur Weiterentwicklung von Ideen wie geschaffen.<\/p>\n<\/div>\n\n\n\n<p class=\"has-medium-font-size\">Ein warmes und ruhiges Ambiente, eingebettet in die Natur, tr\u00e4gt zu einer einladenden, kreativen und produktiven Arbeitsatmosph\u00e4re bei.<\/p>\n\n\n\n<figure class=\"wp-block-image aligncenter is-style-rounded is-style-rounded--1\"><img decoding=\"async\" src=\"https:\/\/friedemann-bunjes.de\/wp-content\/uploads\/2025\/07\/20250713_20-18-46-scaled.jpg\" alt=\"\"\/><\/figure>\n\n\n\n<p><strong>Was wir bieten:<\/strong><\/p>\n\n\n\n<div class=\"wp-block-group is-nowrap is-layout-flex wp-container-core-group-is-layout-6c531013 wp-block-group-is-layout-flex\">\n<ul class=\"wp-block-list\">\n<li><strong>Coworking Space<\/strong>\u00a0mitten im Gr\u00fcnen, Terrasse im Garten\u00a0<\/li>\n\n\n\n<li><strong>Ruhe<\/strong>&nbsp;zum konzentriert Arbeiten oder<br>f\u00fcr wichtige Gespr\u00e4che&nbsp;<\/li>\n\n\n\n<li>H\u00f6henverstellbarer&nbsp;<strong>Tisch&nbsp;<\/strong>und unterschiedliche Sitzgelegenheiten<\/li>\n\n\n\n<li><strong>WLAN<\/strong>,&nbsp;<strong>Drucker<\/strong>,&nbsp;<strong>Kaffeemaschine<\/strong>, Milchsch\u00e4umer<\/li>\n\n\n\n<li><strong>Kaffee und Tee inklusive<\/strong>&nbsp;(Bio-Qualit\u00e4t), Wasserflatrate, Sirupe<\/li>\n\n\n\n<li>Ladem\u00f6glichkeit (f\u00fcr E-Bikes und Scooter) mit&nbsp;<strong>\u00d6kostrom<\/strong><\/li>\n\n\n\n<li>Backofen<\/li>\n\n\n\n<li><a href=\"https:\/\/www.bioladen-reusten.de\/\">Bioladen<\/a>,&nbsp;<a href=\"https:\/\/metzgerei-egeler.de\/\">Metzger<\/a>&nbsp;und&nbsp;<a href=\"http:\/\/526119427.swh.strato-hosting.eu\/de\/HOME\/\">K\u00fcnstlercaf\u00e9<\/a>&nbsp;am Ort<\/li>\n<\/ul>\n<\/div>\n\n\n\n<p>Dienstags generell verf\u00fcgbar, andere Tage auf Anfrage.<\/p>\n\n\n\n<div class=\"wp-block-buttons is-content-justification-space-between is-layout-flex wp-container-core-buttons-is-layout-b2891da8 wp-block-buttons-is-layout-flex\">\n<div class=\"wp-block-button has-custom-width wp-block-button__width-50\"><a class=\"wp-block-button__link wp-element-button\" href=\"https:\/\/theseedlab.de\/?page_id=55\">Jetzt Buchen!<\/a><\/div>\n\n\n\n<div class=\"wp-block-button has-custom-width wp-block-button__width-50\"><a class=\"wp-block-button__link has-contrast-3-background-color has-background wp-element-button\" href=\"mailto:mail@friedemann-bunjes.de\">Noch Fragen?<\/a><\/div>\n<\/div>\n\n\n\n<hr class=\"wp-block-separator has-alpha-channel-opacity\"\/>\n\n\n\n<h3 class=\"wp-block-heading\">Galerie:<\/h3>\n\n\n\n<figure class=\"wp-block-gallery has-nested-images columns-default is-cropped wp-block-gallery-8 is-layout-flex wp-block-gallery-is-layout-flex\">\n<figure class=\"wp-block-image size-full is-style-rounded is-style-rounded--2\"><a href=\"https:\/\/theseedlab.de\/wp-content\/uploads\/2025\/08\/20250713_18-07-46-scaled.jpg\"><img loading=\"lazy\" decoding=\"async\" width=\"2560\" height=\"1931\" data-id=\"128\" src=\"https:\/\/theseedlab.de\/wp-content\/uploads\/2025\/08\/20250713_18-07-46-scaled.jpg\" alt=\"\" class=\"wp-image-128\" srcset=\"https:\/\/theseedlab.de\/wp-content\/uploads\/2025\/08\/20250713_18-07-46-scaled.jpg 2560w, https:\/\/theseedlab.de\/wp-content\/uploads\/2025\/08\/20250713_18-07-46-300x226.jpg 300w, https:\/\/theseedlab.de\/wp-content\/uploads\/2025\/08\/20250713_18-07-46-1024x773.jpg 1024w, https:\/\/theseedlab.de\/wp-content\/uploads\/2025\/08\/20250713_18-07-46-768x579.jpg 768w, https:\/\/theseedlab.de\/wp-content\/uploads\/2025\/08\/20250713_18-07-46-1536x1159.jpg 1536w, https:\/\/theseedlab.de\/wp-content\/uploads\/2025\/08\/20250713_18-07-46-2048x1545.jpg 2048w\" sizes=\"auto, (max-width: 2560px) 100vw, 2560px\" \/><\/a><\/figure>\n\n\n\n<figure class=\"wp-block-image size-full is-style-rounded is-style-rounded--3\"><a href=\"https:\/\/theseedlab.de\/wp-content\/uploads\/2025\/08\/20250715_15-02-52-scaled.jpg\"><img loading=\"lazy\" decoding=\"async\" width=\"2560\" height=\"1707\" data-id=\"127\" src=\"https:\/\/theseedlab.de\/wp-content\/uploads\/2025\/08\/20250715_15-02-52-scaled.jpg\" alt=\"\" class=\"wp-image-127\" srcset=\"https:\/\/theseedlab.de\/wp-content\/uploads\/2025\/08\/20250715_15-02-52-scaled.jpg 2560w, https:\/\/theseedlab.de\/wp-content\/uploads\/2025\/08\/20250715_15-02-52-300x200.jpg 300w, https:\/\/theseedlab.de\/wp-content\/uploads\/2025\/08\/20250715_15-02-52-1024x683.jpg 1024w, https:\/\/theseedlab.de\/wp-content\/uploads\/2025\/08\/20250715_15-02-52-768x512.jpg 768w, https:\/\/theseedlab.de\/wp-content\/uploads\/2025\/08\/20250715_15-02-52-1536x1024.jpg 1536w, https:\/\/theseedlab.de\/wp-content\/uploads\/2025\/08\/20250715_15-02-52-2048x1365.jpg 2048w\" sizes=\"auto, (max-width: 2560px) 100vw, 2560px\" \/><\/a><\/figure>\n\n\n\n<figure class=\"wp-block-image size-full is-style-rounded is-style-rounded--4\"><a href=\"https:\/\/theseedlab.de\/wp-content\/uploads\/2025\/08\/20250713_20-18-22-scaled.jpg\"><img loading=\"lazy\" decoding=\"async\" width=\"2560\" height=\"2119\" data-id=\"126\" src=\"https:\/\/theseedlab.de\/wp-content\/uploads\/2025\/08\/20250713_20-18-22-scaled.jpg\" alt=\"\" class=\"wp-image-126\" srcset=\"https:\/\/theseedlab.de\/wp-content\/uploads\/2025\/08\/20250713_20-18-22-scaled.jpg 2560w, https:\/\/theseedlab.de\/wp-content\/uploads\/2025\/08\/20250713_20-18-22-300x248.jpg 300w, https:\/\/theseedlab.de\/wp-content\/uploads\/2025\/08\/20250713_20-18-22-1024x848.jpg 1024w, https:\/\/theseedlab.de\/wp-content\/uploads\/2025\/08\/20250713_20-18-22-768x636.jpg 768w, https:\/\/theseedlab.de\/wp-content\/uploads\/2025\/08\/20250713_20-18-22-1536x1271.jpg 1536w, https:\/\/theseedlab.de\/wp-content\/uploads\/2025\/08\/20250713_20-18-22-2048x1695.jpg 2048w\" sizes=\"auto, (max-width: 2560px) 100vw, 2560px\" \/><\/a><\/figure>\n\n\n\n<figure class=\"wp-block-image size-full is-style-rounded is-style-rounded--5\"><a href=\"https:\/\/theseedlab.de\/wp-content\/uploads\/2025\/08\/20250713_18-08-51-scaled.jpg\"><img loading=\"lazy\" decoding=\"async\" width=\"2560\" height=\"1914\" data-id=\"125\" src=\"https:\/\/theseedlab.de\/wp-content\/uploads\/2025\/08\/20250713_18-08-51-scaled.jpg\" alt=\"\" class=\"wp-image-125\" srcset=\"https:\/\/theseedlab.de\/wp-content\/uploads\/2025\/08\/20250713_18-08-51-scaled.jpg 2560w, https:\/\/theseedlab.de\/wp-content\/uploads\/2025\/08\/20250713_18-08-51-300x224.jpg 300w, https:\/\/theseedlab.de\/wp-content\/uploads\/2025\/08\/20250713_18-08-51-1024x766.jpg 1024w, https:\/\/theseedlab.de\/wp-content\/uploads\/2025\/08\/20250713_18-08-51-768x574.jpg 768w, https:\/\/theseedlab.de\/wp-content\/uploads\/2025\/08\/20250713_18-08-51-1536x1148.jpg 1536w, https:\/\/theseedlab.de\/wp-content\/uploads\/2025\/08\/20250713_18-08-51-2048x1531.jpg 2048w\" sizes=\"auto, (max-width: 2560px) 100vw, 2560px\" \/><\/a><\/figure>\n\n\n\n<figure class=\"wp-block-image size-full is-style-rounded is-style-rounded--6\"><a href=\"https:\/\/theseedlab.de\/wp-content\/uploads\/2025\/08\/IMG_4394.JPG.png\"><img loading=\"lazy\" decoding=\"async\" width=\"1524\" height=\"2032\" data-id=\"140\" src=\"https:\/\/theseedlab.de\/wp-content\/uploads\/2025\/08\/IMG_4394.JPG.png\" alt=\"\" class=\"wp-image-140\" srcset=\"https:\/\/theseedlab.de\/wp-content\/uploads\/2025\/08\/IMG_4394.JPG.png 1524w, https:\/\/theseedlab.de\/wp-content\/uploads\/2025\/08\/IMG_4394.JPG-225x300.png 225w, https:\/\/theseedlab.de\/wp-content\/uploads\/2025\/08\/IMG_4394.JPG-768x1024.png 768w, https:\/\/theseedlab.de\/wp-content\/uploads\/2025\/08\/IMG_4394.JPG-1152x1536.png 1152w\" sizes=\"auto, (max-width: 1524px) 100vw, 1524px\" \/><\/a><\/figure>\n\n\n\n<figure class=\"wp-block-image size-full is-style-rounded is-style-rounded--7\"><a href=\"https:\/\/theseedlab.de\/wp-content\/uploads\/2025\/08\/IMG_4403.jpg-1.png\"><img loading=\"lazy\" decoding=\"async\" width=\"2032\" height=\"1524\" data-id=\"142\" src=\"https:\/\/theseedlab.de\/wp-content\/uploads\/2025\/08\/IMG_4403.jpg-1.png\" alt=\"\" class=\"wp-image-142\" srcset=\"https:\/\/theseedlab.de\/wp-content\/uploads\/2025\/08\/IMG_4403.jpg-1.png 2032w, https:\/\/theseedlab.de\/wp-content\/uploads\/2025\/08\/IMG_4403.jpg-1-300x225.png 300w, https:\/\/theseedlab.de\/wp-content\/uploads\/2025\/08\/IMG_4403.jpg-1-1024x768.png 1024w, https:\/\/theseedlab.de\/wp-content\/uploads\/2025\/08\/IMG_4403.jpg-1-768x576.png 768w, https:\/\/theseedlab.de\/wp-content\/uploads\/2025\/08\/IMG_4403.jpg-1-1536x1152.png 1536w\" sizes=\"auto, (max-width: 2032px) 100vw, 2032px\" \/><\/a><\/figure>\n<\/figure>\n","protected":false},"excerpt":{"rendered":"<p>Der Coworking Space in Ammerbuch Ein Ort&nbsp;mitten im Gr\u00fcnen, aber doch gut erreichbar zwischen Herrenberg und T\u00fcbingen. Der Raum ist f\u00fcr Vortr\u00e4ge, zum Austausch und zur Weiterentwicklung von Ideen wie geschaffen. Ein warmes und ruhiges Ambiente, eingebettet in die Natur, tr\u00e4gt zu einer einladenden, kreativen und produktiven Arbeitsatmosph\u00e4re bei. Was wir bieten: Dienstags generell verf\u00fcgbar, [&hellip;]<\/p>\n","protected":false},"author":1,"featured_media":0,"parent":0,"menu_order":0,"comment_status":"closed","ping_status":"closed","template":"","meta":{"footnotes":""},"class_list":["post-12","page","type-page","status-publish","hentry"],"_links":{"self":[{"href":"https:\/\/theseedlab.de\/index.php?rest_route=\/wp\/v2\/pages\/12","targetHints":{"allow":["GET"]}}],"collection":[{"href":"https:\/\/theseedlab.de\/index.php?rest_route=\/wp\/v2\/pages"}],"about":[{"href":"https:\/\/theseedlab.de\/index.php?rest_route=\/wp\/v2\/types\/page"}],"author":[{"embeddable":true,"href":"https:\/\/theseedlab.de\/index.php?rest_route=\/wp\/v2\/users\/1"}],"replies":[{"embeddable":true,"href":"https:\/\/theseedlab.de\/index.php?rest_route=%2Fwp%2Fv2%2Fcomments&post=12"}],"version-history":[{"count":48,"href":"https:\/\/theseedlab.de\/index.php?rest_route=\/wp\/v2\/pages\/12\/revisions"}],"predecessor-version":[{"id":168,"href":"https:\/\/theseedlab.de\/index.php?rest_route=\/wp\/v2\/pages\/12\/revisions\/168"}],"wp:attachment":[{"href":"https:\/\/theseedlab.de\/index.php?rest_route=%2Fwp%2Fv2%2Fmedia&parent=12"}],"curies":[{"name":"wp","href":"https:\/\/api.w.org\/{rel}","templated":true}]}}